{"id":272,"date":"2024-03-14T07:02:24","date_gmt":"2024-03-14T07:02:24","guid":{"rendered":"https:\/\/debaere-boulangerie.be\/notre-histoire\/"},"modified":"2024-11-12T06:02:25","modified_gmt":"2024-11-12T06:02:25","slug":"notre-histoire","status":"publish","type":"page","link":"https:\/\/debaere-boulangerie.be\/fr\/notre-histoire\/","title":{"rendered":"Notre histoire"},"content":{"rendered":"\t\t<div data-elementor-type=\"wp-page\" data-elementor-id=\"272\" class=\"elementor elementor-272 elementor-14\" data-elementor-post-type=\"page\">\n\t\t\t\t<div class=\"elementor-element elementor-element-a32c37b e-flex e-con-boxed e-con e-parent\" data-id=\"a32c37b\" data-element_type=\"container\" data-e-type=\"container\" data-settings=\"{&quot;background_background&quot;:&quot;slideshow&quot;,&quot;background_slideshow_gallery&quot;:[{&quot;id&quot;:26,&quot;url&quot;:&quot;https:\\\/\\\/debaere-boulangerie.be\\\/wp-content\\\/uploads\\\/2024\\\/03\\\/Slider-1.jpg&quot;},{&quot;id&quot;:27,&quot;url&quot;:&quot;https:\\\/\\\/debaere-boulangerie.be\\\/wp-content\\\/uploads\\\/2024\\\/03\\\/Slider-2.jpg&quot;},{&quot;id&quot;:24,&quot;url&quot;:&quot;https:\\\/\\\/debaere-boulangerie.be\\\/wp-content\\\/uploads\\\/2024\\\/03\\\/Slider-3.jpg&quot;},{&quot;id&quot;:25,&quot;url&quot;:&quot;https:\\\/\\\/debaere-boulangerie.be\\\/wp-content\\\/uploads\\\/2024\\\/03\\\/Slider-4.jpg&quot;}],&quot;background_slideshow_loop&quot;:&quot;yes&quot;,&quot;background_slideshow_slide_duration&quot;:5000,&quot;background_slideshow_slide_transition&quot;:&quot;fade&quot;,&quot;background_slideshow_transition_duration&quot;:500}\">\n\t\t\t\t\t<div class=\"e-con-inner\">\n\t\t\t\t<div class=\"elementor-element elementor-element-bcaf1fa elementor-widget-divider--view-line_text elementor-widget-divider--element-align-center elementor-invisible elementor-widget elementor-widget-divider\" data-id=\"bcaf1fa\" data-element_type=\"widget\" data-e-type=\"widget\" data-settings=\"{&quot;_animation&quot;:&quot;fadeInDown&quot;}\" data-widget_type=\"divider.default\">\n\t\t\t\t<div class=\"elementor-widget-container\">\n\t\t\t\t\t\t\t<div class=\"elementor-divider\">\n\t\t\t<span class=\"elementor-divider-separator\">\n\t\t\t\t\t\t\t<span class=\"elementor-divider__text elementor-divider__element\">\n\t\t\t\tDe Baere\t\t\t\t<\/span>\n\t\t\t\t\t\t<\/span>\n\t\t<\/div>\n\t\t\t\t\t\t<\/div>\n\t\t\t\t<\/div>\n\t\t\t\t<div class=\"elementor-element elementor-element-5c8c477 elementor-align-justify elementor-invisible elementor-widget elementor-widget-button\" data-id=\"5c8c477\" data-element_type=\"widget\" data-e-type=\"widget\" data-settings=\"{&quot;_animation&quot;:&quot;fadeInUp&quot;}\" data-widget_type=\"button.default\">\n\t\t\t\t<div class=\"elementor-widget-container\">\n\t\t\t\t\t\t\t\t\t<div class=\"elementor-button-wrapper\">\n\t\t\t\t\t<a class=\"elementor-button elementor-button-link elementor-size-sm\" href=\"https:\/\/webshop.debaere-boulangerie.be\/be-fr\" target=\"_blank\">\n\t\t\t\t\t\t<span class=\"elementor-button-content-wrapper\">\n\t\t\t\t\t\t\t\t\t<span class=\"elementor-button-text\">Commande en ligne<\/span>\n\t\t\t\t\t<\/span>\n\t\t\t\t\t<\/a>\n\t\t\t\t<\/div>\n\t\t\t\t\t\t\t\t<\/div>\n\t\t\t\t<\/div>\n\t\t\t\t\t<\/div>\n\t\t\t\t<\/div>\n\t\t<div class=\"elementor-element elementor-element-3e1ff1c e-flex e-con-boxed e-con e-parent\" data-id=\"3e1ff1c\" data-element_type=\"container\" data-e-type=\"container\">\n\t\t\t\t\t<div class=\"e-con-inner\">\n\t\t\t\t<div class=\"elementor-element elementor-element-7b0561d elementor-widget__width-initial elementor-invisible elementor-widget elementor-widget-heading\" data-id=\"7b0561d\" data-element_type=\"widget\" data-e-type=\"widget\" data-settings=\"{&quot;_animation&quot;:&quot;fadeIn&quot;,&quot;_animation_delay&quot;:300}\" data-widget_type=\"heading.default\">\n\t\t\t\t<div class=\"elementor-widget-container\">\n\t\t\t\t\t<h2 class=\"elementor-heading-title elementor-size-default\">Un encha\u00eenement de circonstances, d\u2019opportunit\u00e9s et de belles rencontres qui nous ont conduit \u00e0 travailler, pour vous, \u00e0 Knokke-le-Zoute.<\/h2>\t\t\t\t<\/div>\n\t\t\t\t<\/div>\n\t\t\t\t\t<\/div>\n\t\t\t\t<\/div>\n\t\t<div class=\"elementor-element elementor-element-a271f0f e-flex e-con-boxed e-con e-parent\" data-id=\"a271f0f\" data-element_type=\"container\" data-e-type=\"container\">\n\t\t\t\t\t<div class=\"e-con-inner\">\n\t\t<div class=\"elementor-element elementor-element-1544bbb e-flex e-con-boxed elementor-invisible e-con e-child\" data-id=\"1544bbb\" data-element_type=\"container\" data-e-type=\"container\" data-settings=\"{&quot;background_background&quot;:&quot;classic&quot;,&quot;animation&quot;:&quot;fadeIn&quot;}\">\n\t\t\t\t\t<div class=\"e-con-inner\">\n\t\t\t\t<div class=\"elementor-element elementor-element-97ce902 elementor-widget elementor-widget-spacer\" data-id=\"97ce902\" data-element_type=\"widget\" data-e-type=\"widget\" data-widget_type=\"spacer.default\">\n\t\t\t\t<div class=\"elementor-widget-container\">\n\t\t\t\t\t\t\t<div class=\"elementor-spacer\">\n\t\t\t<div class=\"elementor-spacer-inner\"><\/div>\n\t\t<\/div>\n\t\t\t\t\t\t<\/div>\n\t\t\t\t<\/div>\n\t\t\t\t\t<\/div>\n\t\t\t\t<\/div>\n\t\t\t\t\t<\/div>\n\t\t\t\t<\/div>\n\t\t<div class=\"elementor-element elementor-element-f266a28 e-flex e-con-boxed e-con e-parent\" data-id=\"f266a28\" data-element_type=\"container\" data-e-type=\"container\" data-settings=\"{&quot;background_background&quot;:&quot;classic&quot;}\">\n\t\t\t\t\t<div class=\"e-con-inner\">\n\t\t<div class=\"elementor-element elementor-element-ded38b0 e-con-full e-flex elementor-invisible e-con e-child\" data-id=\"ded38b0\" data-element_type=\"container\" data-e-type=\"container\" data-settings=\"{&quot;animation&quot;:&quot;fadeInLeft&quot;,&quot;animation_mobile&quot;:&quot;fadeIn&quot;}\">\n\t\t\t\t<div class=\"elementor-element elementor-element-6d12ca2 elementor-widget elementor-widget-image\" data-id=\"6d12ca2\" data-element_type=\"widget\" data-e-type=\"widget\" data-settings=\"{&quot;sticky&quot;:&quot;top&quot;,&quot;sticky_on&quot;:[&quot;tablet&quot;],&quot;sticky_offset_tablet&quot;:40,&quot;sticky_parent&quot;:&quot;yes&quot;,&quot;sticky_offset&quot;:0,&quot;sticky_effects_offset&quot;:0,&quot;sticky_anchor_link_offset&quot;:0}\" data-widget_type=\"image.default\">\n\t\t\t\t<div class=\"elementor-widget-container\">\n\t\t\t\t\t\t\t\t\t\t\t\t\t\t\t<img fetchpriority=\"high\" decoding=\"async\" width=\"683\" height=\"1024\" src=\"https:\/\/debaere-boulangerie.be\/wp-content\/uploads\/2024\/03\/Wie-zijn-wij-683x1024.jpg\" class=\"attachment-large size-large wp-image-258\" alt=\"\" srcset=\"https:\/\/debaere-boulangerie.be\/wp-content\/uploads\/2024\/03\/Wie-zijn-wij-683x1024.jpg 683w, https:\/\/debaere-boulangerie.be\/wp-content\/uploads\/2024\/03\/Wie-zijn-wij-200x300.jpg 200w, https:\/\/debaere-boulangerie.be\/wp-content\/uploads\/2024\/03\/Wie-zijn-wij-768x1152.jpg 768w, https:\/\/debaere-boulangerie.be\/wp-content\/uploads\/2024\/03\/Wie-zijn-wij-1024x1536.jpg 1024w, https:\/\/debaere-boulangerie.be\/wp-content\/uploads\/2024\/03\/Wie-zijn-wij.jpg 1200w\" sizes=\"(max-width: 683px) 100vw, 683px\" \/>\t\t\t\t\t\t\t\t\t\t\t\t\t\t\t<\/div>\n\t\t\t\t<\/div>\n\t\t\t\t<\/div>\n\t\t<div class=\"elementor-element elementor-element-ceb7325 e-con-full e-flex elementor-invisible e-con e-child\" data-id=\"ceb7325\" data-element_type=\"container\" data-e-type=\"container\" data-settings=\"{&quot;animation&quot;:&quot;fadeInRight&quot;,&quot;animation_mobile&quot;:&quot;fadeInUp&quot;}\">\n\t\t\t\t<div class=\"elementor-element elementor-element-fe8c68a elementor-widget elementor-widget-text-editor\" data-id=\"fe8c68a\" data-element_type=\"widget\" data-e-type=\"widget\" data-widget_type=\"text-editor.default\">\n\t\t\t\t<div class=\"elementor-widget-container\">\n\t\t\t\t\t\t\t\t\t<p>C&rsquo;est \u00e0 partir de l\u00e0 que notre histoire commence. <b><strong>Alexandre<\/strong><\/b> est n\u00e9 au Canada. Il a grandi \u00e0 Bruxelles et a fait ses premiers pas dans le monde de la boulangerie \u00e0 l&rsquo;\u00e2ge de 18 ans. C&rsquo;est aupr\u00e8s du c\u00e9l\u00e8bre chef <b><strong>Alain Ducasse<\/strong><\/b> qu&rsquo;il fait ses premiers pas dans le monde de la boulangerie. Apr\u00e8s sa formation en p\u00e2tisserie, il a atterri chez <b><strong>De Baere Woluwe<\/strong><\/b>&#8211; la p\u00e2tisserie o\u00f9 Rik De Baere a fait le beau temps dans les ann\u00e9es 1990, o\u00f9 Alexandre s&rsquo;est sp\u00e9cialis\u00e9 dans la boulangerie et la viennoiserie. Les cr\u00e9ations d&rsquo;Alexandre ont d&rsquo;ailleurs \u00e9t\u00e9 <b><strong>prim\u00e9es \u00e0 plusieurs reprises<\/strong><\/b> en Belgique. Le meilleur croissant de Belgique ? C&rsquo;est son nom.<\/p>\n<p>Le parcours de <b><strong>Michelle<\/strong><\/b> est \u00e9galement pass\u00e9 par <b><strong>De Baere Woluwe<\/strong><\/b>. Apr\u00e8s une formation chez <b><strong>Spermalie et De Groene Poorte<\/strong><\/b>, une sp\u00e9cialisation en p\u00e2tisserie h\u00f4teli\u00e8re et une ann\u00e9e de sommellerie, Michelle a rejoint en 2017 Rik De Baere, d\u00e9j\u00e0 bien \u00e9tabli \u00e0 Knokke-Heist et bien au-del\u00e0. S&rsquo;ensuit une ann\u00e9e de p\u00e2tisserie h\u00f4teli\u00e8re dans un h\u00f4tel 5 \u00e9toiles et un beau Paris ainsi qu&rsquo;une exp\u00e9rience \u00e0 l&rsquo;iconique <b><strong>p\u00e2tisserie Wittamer<\/strong><\/b> sur le Sablon \u00e0 Bruxelles. En 2019, elle atterrit \u00e0 nouveau chez De Baere Knokke pour y s\u00e9journer. Sa sp\u00e9cialit\u00e9 ? La p\u00e2tisserie et la confiserie.<\/p>\n<p>Depuis 2019, Michelle et Alexandre travaillent ensemble chez De Baere sur la Oosthoekplein \u00e0 Knokke.<\/p>\n\t\t\t\t\t\t\t\t<\/div>\n\t\t\t\t<\/div>\n\t\t\t\t<div class=\"elementor-element elementor-element-d604704 elementor-widget elementor-widget-text-editor\" data-id=\"d604704\" data-element_type=\"widget\" data-e-type=\"widget\" data-widget_type=\"text-editor.default\">\n\t\t\t\t<div class=\"elementor-widget-container\">\n\t\t\t\t\t\t\t\t\t<p>En mars 2023, et apr\u00e8s une transition planifi\u00e9e avec Rik De Baere, Alexandre et Michelle ont repris la boulangerie- p\u00e2tisserie De Baere- Knokke.\u00a0<\/p>\n\t\t\t\t\t\t\t\t<\/div>\n\t\t\t\t<\/div>\n\t\t\t\t<div class=\"elementor-element elementor-element-d05716c elementor-widget-divider--view-line elementor-widget elementor-widget-divider\" data-id=\"d05716c\" data-element_type=\"widget\" data-e-type=\"widget\" data-widget_type=\"divider.default\">\n\t\t\t\t<div class=\"elementor-widget-container\">\n\t\t\t\t\t\t\t<div class=\"elementor-divider\">\n\t\t\t<span class=\"elementor-divider-separator\">\n\t\t\t\t\t\t<\/span>\n\t\t<\/div>\n\t\t\t\t\t\t<\/div>\n\t\t\t\t<\/div>\n\t\t\t\t<div class=\"elementor-element elementor-element-3eeb7ef elementor-widget elementor-widget-heading\" data-id=\"3eeb7ef\" data-element_type=\"widget\" data-e-type=\"widget\" data-widget_type=\"heading.default\">\n\t\t\t\t<div class=\"elementor-widget-container\">\n\t\t\t\t\t<h3 class=\"elementor-heading-title elementor-size-default\">Nous souhaitons donc la bienvenue \u00e0 tous dans la maison qui fait battre nos c\u0153urs de boulangers et de p\u00e2tissiers.<\/h3>\t\t\t\t<\/div>\n\t\t\t\t<\/div>\n\t\t\t\t<div class=\"elementor-element elementor-element-a0397d1 elementor-mobile-align-justify elementor-widget elementor-widget-button\" data-id=\"a0397d1\" data-element_type=\"widget\" data-e-type=\"widget\" data-widget_type=\"button.default\">\n\t\t\t\t<div class=\"elementor-widget-container\">\n\t\t\t\t\t\t\t\t\t<div class=\"elementor-button-wrapper\">\n\t\t\t\t\t<a class=\"elementor-button elementor-button-link elementor-size-sm\" href=\"https:\/\/debaere-boulangerie.be\/fr\/contact\/\">\n\t\t\t\t\t\t<span class=\"elementor-button-content-wrapper\">\n\t\t\t\t\t\t\t\t\t<span class=\"elementor-button-text\">Contactez-nous<\/span>\n\t\t\t\t\t<\/span>\n\t\t\t\t\t<\/a>\n\t\t\t\t<\/div>\n\t\t\t\t\t\t\t\t<\/div>\n\t\t\t\t<\/div>\n\t\t\t\t<\/div>\n\t\t\t\t\t<\/div>\n\t\t\t\t<\/div>\n\t\t\t\t<\/div>\n\t\t","protected":false},"excerpt":{"rendered":"<p>De Baere Commande en ligne Un encha\u00eenement de circonstances, d\u2019opportunit\u00e9s et de belles rencontres qui nous ont conduit \u00e0 travailler, pour vous, \u00e0 Knokke-le-Zoute. C&rsquo;est \u00e0 partir de l\u00e0 que notre histoire commence. Alexandre est n\u00e9 au Canada. Il a grandi \u00e0 Bruxelles et a fait ses premiers pas dans le monde de la boulangerie [&hellip;]<\/p>\n","protected":false},"author":1,"featured_media":0,"parent":0,"menu_order":0,"comment_status":"closed","ping_status":"closed","template":"","meta":{"footnotes":""},"class_list":["post-272","page","type-page","status-publish","hentry"],"yoast_head":"<!-- This site is optimized with the Yoast SEO plugin v26.9 - https:\/\/yoast.com\/product\/yoast-seo-wordpress\/ -->\n<title>Notre histoire - Des boulangers passionn\u00e9s aux h\u00e9ritiers de la tradition<\/title>\n<meta name=\"description\" content=\"D\u00e9couvrez le parcours inspirant de Michelle et Alexandre, de boulangers renomm\u00e9s \u00e0 successeurs d&#039;une tradition l\u00e9gendaire \u00e0 Knokke.\" \/>\n<meta name=\"robots\" content=\"index, follow, max-snippet:-1, max-image-preview:large, max-video-preview:-1\" \/>\n<link rel=\"canonical\" href=\"https:\/\/debaere-boulangerie.be\/fr\/notre-histoire\/\" \/>\n<meta property=\"og:locale\" content=\"fr_FR\" \/>\n<meta property=\"og:type\" content=\"article\" \/>\n<meta property=\"og:title\" content=\"Notre histoire - Des boulangers passionn\u00e9s aux h\u00e9ritiers de la tradition\" \/>\n<meta property=\"og:description\" content=\"D\u00e9couvrez le parcours inspirant de Michelle et Alexandre, de boulangers renomm\u00e9s \u00e0 successeurs d&#039;une tradition l\u00e9gendaire \u00e0 Knokke.\" \/>\n<meta property=\"og:url\" content=\"https:\/\/debaere-boulangerie.be\/fr\/notre-histoire\/\" \/>\n<meta property=\"og:site_name\" content=\"Patisserie De Baere\" \/>\n<meta property=\"article:modified_time\" content=\"2024-11-12T06:02:25+00:00\" \/>\n<meta property=\"og:image\" content=\"https:\/\/debaere-boulangerie.be\/wp-content\/uploads\/2024\/03\/Wie-zijn-wij.jpg\" \/>\n\t<meta property=\"og:image:width\" content=\"1200\" \/>\n\t<meta property=\"og:image:height\" content=\"1800\" \/>\n\t<meta property=\"og:image:type\" content=\"image\/jpeg\" \/>\n<meta name=\"twitter:card\" content=\"summary_large_image\" \/>\n<meta name=\"twitter:label1\" content=\"Dur\u00e9e de lecture est.\" \/>\n\t<meta name=\"twitter:data1\" content=\"2 minutes\" \/>\n<script type=\"application\/ld+json\" class=\"yoast-schema-graph\">{\"@context\":\"https:\/\/schema.org\",\"@graph\":[{\"@type\":\"WebPage\",\"@id\":\"https:\/\/debaere-boulangerie.be\/fr\/notre-histoire\/\",\"url\":\"https:\/\/debaere-boulangerie.be\/fr\/notre-histoire\/\",\"name\":\"Notre histoire - Des boulangers passionn\u00e9s aux h\u00e9ritiers de la tradition\",\"isPartOf\":{\"@id\":\"https:\/\/debaere-boulangerie.be\/fr\/#website\"},\"primaryImageOfPage\":{\"@id\":\"https:\/\/debaere-boulangerie.be\/fr\/notre-histoire\/#primaryimage\"},\"image\":{\"@id\":\"https:\/\/debaere-boulangerie.be\/fr\/notre-histoire\/#primaryimage\"},\"thumbnailUrl\":\"https:\/\/debaere-boulangerie.be\/wp-content\/uploads\/2024\/03\/Wie-zijn-wij-683x1024.jpg\",\"datePublished\":\"2024-03-14T07:02:24+00:00\",\"dateModified\":\"2024-11-12T06:02:25+00:00\",\"description\":\"D\u00e9couvrez le parcours inspirant de Michelle et Alexandre, de boulangers renomm\u00e9s \u00e0 successeurs d'une tradition l\u00e9gendaire \u00e0 Knokke.\",\"breadcrumb\":{\"@id\":\"https:\/\/debaere-boulangerie.be\/fr\/notre-histoire\/#breadcrumb\"},\"inLanguage\":\"fr-BE\",\"potentialAction\":[{\"@type\":\"ReadAction\",\"target\":[\"https:\/\/debaere-boulangerie.be\/fr\/notre-histoire\/\"]}]},{\"@type\":\"ImageObject\",\"inLanguage\":\"fr-BE\",\"@id\":\"https:\/\/debaere-boulangerie.be\/fr\/notre-histoire\/#primaryimage\",\"url\":\"https:\/\/debaere-boulangerie.be\/wp-content\/uploads\/2024\/03\/Wie-zijn-wij-683x1024.jpg\",\"contentUrl\":\"https:\/\/debaere-boulangerie.be\/wp-content\/uploads\/2024\/03\/Wie-zijn-wij-683x1024.jpg\"},{\"@type\":\"BreadcrumbList\",\"@id\":\"https:\/\/debaere-boulangerie.be\/fr\/notre-histoire\/#breadcrumb\",\"itemListElement\":[{\"@type\":\"ListItem\",\"position\":1,\"name\":\"Home\",\"item\":\"https:\/\/debaere-boulangerie.be\/fr\/\"},{\"@type\":\"ListItem\",\"position\":2,\"name\":\"Notre histoire\"}]},{\"@type\":\"WebSite\",\"@id\":\"https:\/\/debaere-boulangerie.be\/fr\/#website\",\"url\":\"https:\/\/debaere-boulangerie.be\/fr\/\",\"name\":\"Patisserie De Baere\",\"description\":\"Altijd voor dag en dauw uit de veren om onze klanten te verwennen met ovenvers, knapperig brood, viennoiserie en patisserie, chocolade, ijs en onze in-house traiteurdienst.\",\"publisher\":{\"@id\":\"https:\/\/debaere-boulangerie.be\/fr\/#organization\"},\"potentialAction\":[{\"@type\":\"SearchAction\",\"target\":{\"@type\":\"EntryPoint\",\"urlTemplate\":\"https:\/\/debaere-boulangerie.be\/fr\/?s={search_term_string}\"},\"query-input\":{\"@type\":\"PropertyValueSpecification\",\"valueRequired\":true,\"valueName\":\"search_term_string\"}}],\"inLanguage\":\"fr-BE\"},{\"@type\":\"Organization\",\"@id\":\"https:\/\/debaere-boulangerie.be\/fr\/#organization\",\"name\":\"Patisserie De Baere\",\"url\":\"https:\/\/debaere-boulangerie.be\/fr\/\",\"logo\":{\"@type\":\"ImageObject\",\"inLanguage\":\"fr-BE\",\"@id\":\"https:\/\/debaere-boulangerie.be\/fr\/#\/schema\/logo\/image\/\",\"url\":\"https:\/\/debaere-boulangerie.be\/wp-content\/uploads\/2024\/03\/Logo-De-Baere.jpg\",\"contentUrl\":\"https:\/\/debaere-boulangerie.be\/wp-content\/uploads\/2024\/03\/Logo-De-Baere.jpg\",\"width\":500,\"height\":500,\"caption\":\"Patisserie De Baere\"},\"image\":{\"@id\":\"https:\/\/debaere-boulangerie.be\/fr\/#\/schema\/logo\/image\/\"}}]}<\/script>\n<!-- \/ Yoast SEO plugin. -->","yoast_head_json":{"title":"Notre histoire - Des boulangers passionn\u00e9s aux h\u00e9ritiers de la tradition","description":"D\u00e9couvrez le parcours inspirant de Michelle et Alexandre, de boulangers renomm\u00e9s \u00e0 successeurs d'une tradition l\u00e9gendaire \u00e0 Knokke.","robots":{"index":"index","follow":"follow","max-snippet":"max-snippet:-1","max-image-preview":"max-image-preview:large","max-video-preview":"max-video-preview:-1"},"canonical":"https:\/\/debaere-boulangerie.be\/fr\/notre-histoire\/","og_locale":"fr_FR","og_type":"article","og_title":"Notre histoire - Des boulangers passionn\u00e9s aux h\u00e9ritiers de la tradition","og_description":"D\u00e9couvrez le parcours inspirant de Michelle et Alexandre, de boulangers renomm\u00e9s \u00e0 successeurs d'une tradition l\u00e9gendaire \u00e0 Knokke.","og_url":"https:\/\/debaere-boulangerie.be\/fr\/notre-histoire\/","og_site_name":"Patisserie De Baere","article_modified_time":"2024-11-12T06:02:25+00:00","og_image":[{"width":1200,"height":1800,"url":"https:\/\/debaere-boulangerie.be\/wp-content\/uploads\/2024\/03\/Wie-zijn-wij.jpg","type":"image\/jpeg"}],"twitter_card":"summary_large_image","twitter_misc":{"Dur\u00e9e de lecture est.":"2 minutes"},"schema":{"@context":"https:\/\/schema.org","@graph":[{"@type":"WebPage","@id":"https:\/\/debaere-boulangerie.be\/fr\/notre-histoire\/","url":"https:\/\/debaere-boulangerie.be\/fr\/notre-histoire\/","name":"Notre histoire - Des boulangers passionn\u00e9s aux h\u00e9ritiers de la tradition","isPartOf":{"@id":"https:\/\/debaere-boulangerie.be\/fr\/#website"},"primaryImageOfPage":{"@id":"https:\/\/debaere-boulangerie.be\/fr\/notre-histoire\/#primaryimage"},"image":{"@id":"https:\/\/debaere-boulangerie.be\/fr\/notre-histoire\/#primaryimage"},"thumbnailUrl":"https:\/\/debaere-boulangerie.be\/wp-content\/uploads\/2024\/03\/Wie-zijn-wij-683x1024.jpg","datePublished":"2024-03-14T07:02:24+00:00","dateModified":"2024-11-12T06:02:25+00:00","description":"D\u00e9couvrez le parcours inspirant de Michelle et Alexandre, de boulangers renomm\u00e9s \u00e0 successeurs d'une tradition l\u00e9gendaire \u00e0 Knokke.","breadcrumb":{"@id":"https:\/\/debaere-boulangerie.be\/fr\/notre-histoire\/#breadcrumb"},"inLanguage":"fr-BE","potentialAction":[{"@type":"ReadAction","target":["https:\/\/debaere-boulangerie.be\/fr\/notre-histoire\/"]}]},{"@type":"ImageObject","inLanguage":"fr-BE","@id":"https:\/\/debaere-boulangerie.be\/fr\/notre-histoire\/#primaryimage","url":"https:\/\/debaere-boulangerie.be\/wp-content\/uploads\/2024\/03\/Wie-zijn-wij-683x1024.jpg","contentUrl":"https:\/\/debaere-boulangerie.be\/wp-content\/uploads\/2024\/03\/Wie-zijn-wij-683x1024.jpg"},{"@type":"BreadcrumbList","@id":"https:\/\/debaere-boulangerie.be\/fr\/notre-histoire\/#breadcrumb","itemListElement":[{"@type":"ListItem","position":1,"name":"Home","item":"https:\/\/debaere-boulangerie.be\/fr\/"},{"@type":"ListItem","position":2,"name":"Notre histoire"}]},{"@type":"WebSite","@id":"https:\/\/debaere-boulangerie.be\/fr\/#website","url":"https:\/\/debaere-boulangerie.be\/fr\/","name":"Patisserie De Baere","description":"Altijd voor dag en dauw uit de veren om onze klanten te verwennen met ovenvers, knapperig brood, viennoiserie en patisserie, chocolade, ijs en onze in-house traiteurdienst.","publisher":{"@id":"https:\/\/debaere-boulangerie.be\/fr\/#organization"},"potentialAction":[{"@type":"SearchAction","target":{"@type":"EntryPoint","urlTemplate":"https:\/\/debaere-boulangerie.be\/fr\/?s={search_term_string}"},"query-input":{"@type":"PropertyValueSpecification","valueRequired":true,"valueName":"search_term_string"}}],"inLanguage":"fr-BE"},{"@type":"Organization","@id":"https:\/\/debaere-boulangerie.be\/fr\/#organization","name":"Patisserie De Baere","url":"https:\/\/debaere-boulangerie.be\/fr\/","logo":{"@type":"ImageObject","inLanguage":"fr-BE","@id":"https:\/\/debaere-boulangerie.be\/fr\/#\/schema\/logo\/image\/","url":"https:\/\/debaere-boulangerie.be\/wp-content\/uploads\/2024\/03\/Logo-De-Baere.jpg","contentUrl":"https:\/\/debaere-boulangerie.be\/wp-content\/uploads\/2024\/03\/Logo-De-Baere.jpg","width":500,"height":500,"caption":"Patisserie De Baere"},"image":{"@id":"https:\/\/debaere-boulangerie.be\/fr\/#\/schema\/logo\/image\/"}}]}},"_links":{"self":[{"href":"https:\/\/debaere-boulangerie.be\/fr\/wp-json\/wp\/v2\/pages\/272","targetHints":{"allow":["GET"]}}],"collection":[{"href":"https:\/\/debaere-boulangerie.be\/fr\/wp-json\/wp\/v2\/pages"}],"about":[{"href":"https:\/\/debaere-boulangerie.be\/fr\/wp-json\/wp\/v2\/types\/page"}],"author":[{"embeddable":true,"href":"https:\/\/debaere-boulangerie.be\/fr\/wp-json\/wp\/v2\/users\/1"}],"replies":[{"embeddable":true,"href":"https:\/\/debaere-boulangerie.be\/fr\/wp-json\/wp\/v2\/comments?post=272"}],"version-history":[{"count":5,"href":"https:\/\/debaere-boulangerie.be\/fr\/wp-json\/wp\/v2\/pages\/272\/revisions"}],"predecessor-version":[{"id":322,"href":"https:\/\/debaere-boulangerie.be\/fr\/wp-json\/wp\/v2\/pages\/272\/revisions\/322"}],"wp:attachment":[{"href":"https:\/\/debaere-boulangerie.be\/fr\/wp-json\/wp\/v2\/media?parent=272"}],"curies":[{"name":"wp","href":"https:\/\/api.w.org\/{rel}","templated":true}]}}